{"id":486,"date":"2023-08-07T14:08:32","date_gmt":"2023-08-07T14:08:32","guid":{"rendered":"https:\/\/business-one.local\/?page_id=486"},"modified":"2025-10-24T23:17:27","modified_gmt":"2025-10-24T23:17:27","slug":"contact","status":"publish","type":"page","link":"https:\/\/bytecosmico.com\/en\/contact\/","title":{"rendered":"Contact"},"content":{"rendered":"<div class=\"gb-element-6f2161b4\">\n<div class=\"gb-element-9e45ac64\">\n<div class=\"gb-element-97d00ea8\">\n\n\n<div>\n<h2 class=\"wp-block-heading\">How to contact us?<\/h2>\n\n\n\n<p>For questions, suggestions, or feedback, send us an email or fill out the contact form beside. Our team is always ready to respond and listen to our readers.<\/p>\n\n\n\n<h2 class=\"wp-block-heading\">Article Submission<\/h2>\n\n\n\n<p>If you would like to have your article published on <strong>Byte Cosmico<\/strong>, please send your text via email with the subject line <em>&#8220;Article Submission Proposal&#8221;<\/em>. Include your name and links to your social media profiles. All articles will be reviewed for originality and, if approved, published with proper credit.<\/p>\n\n\n\n<h2 class=\"wp-block-heading\">Contact Information<\/h2>\n\n\n\n<p>\ud83d\udce7 <a href=\"mailto:contato@bytecosmico.com\"><strong>contato@bytecosmico.com<\/strong><\/a><\/p>\n\n\n\n<p class=\"gb-text gb-text-3e64fc26\">Follow us on social media!<\/p>\n\n\n\n<div class=\"gb-element-14cb4a74\">\n<a class=\"gb-text-7cd61ca3\" href=\"https:\/\/www.instagram.com\/bytecosmico\/\" aria-label=\"Social media link\" target=\"_blank\" rel=\"noopener\"><span class=\"gb-shape\"><svg xmlns=\"http:\/\/www.w3.org\/2000\/svg\" width=\"32\" height=\"32\" viewbox=\"0 0 256 256\"><path d=\"M128 80a48 48 0 1 0 48 48 48.05 48.05 0 0 0-48-48Zm0 72a24 24 0 1 1 24-24 24 24 0 0 1-24 24Zm48-132H80a60.07 60.07 0 0 0-60 60v96a60.07 60.07 0 0 0 60 60h96a60.07 60.07 0 0 0 60-60V80a60.07 60.07 0 0 0-60-60Zm36 156a36 36 0 0 1-36 36H80a36 36 0 0 1-36-36V80a36 36 0 0 1 36-36h96a36 36 0 0 1 36 36ZM196 76a16 16 0 1 1-16-16 16 16 0 0 1 16 16Z\"><\/path><\/svg><\/span><\/a>\n\n\n\n<a class=\"gb-text-5a04f859\" href=\"https:\/\/x.com\/bytecosmico\" aria-label=\"Social media link\" target=\"_blank\" rel=\"noopener\"><span class=\"gb-shape\"><svg xmlns=\"http:\/\/www.w3.org\/2000\/svg\" width=\"32\" height=\"32\" viewbox=\"0 0 256 256\"><path d=\"m218.12 209.56-61-95.8 59.72-65.69a12 12 0 0 0-17.76-16.14l-55.27 60.84-37.69-59.21A12 12 0 0 0 96 28H48a12 12 0 0 0-10.12 18.44l61 95.8-59.76 65.69a12 12 0 1 0 17.76 16.14l55.31-60.84 37.69 59.21A12 12 0 0 0 160 228h48a12 12 0 0 0 10.12-18.44ZM166.59 204 69.86 52h19.55l96.73 152Z\"><\/path><\/svg><\/span><\/a>\n\n\n\n<a class=\"gb-text-9b649f3f\" href=\"https:\/\/www.youtube.com\/@blogbytecosmico\" aria-label=\"Social media link\" target=\"_blank\" rel=\"noopener\"><span class=\"gb-shape\"><svg xmlns=\"http:\/\/www.w3.org\/2000\/svg\" width=\"32\" height=\"32\" viewbox=\"0 0 256 256\"><path d=\"m170.49 117.91-56-36A12 12 0 0 0 96 92v72a12 12 0 0 0 18.49 10.09l56-36a12 12 0 0 0 0-20.18ZM120 142v-28l21.81 14Zm118.21-73.5a28.05 28.05 0 0 0-16.93-19.14C186.4 35.91 131.29 36 128 36s-58.4-.09-93.28 13.38a28.05 28.05 0 0 0-16.93 19.14C15.15 78.72 12 97.32 12 128s3.15 49.28 5.79 59.48a28.05 28.05 0 0 0 16.93 19.14C68.21 219.55 120.36 220 127.37 220h1.26c7 0 59.16-.45 92.65-13.38a28.05 28.05 0 0 0 16.93-19.14c2.64-10.2 5.79-28.8 5.79-59.48s-3.15-49.28-5.79-59.48ZM215 181.46a4 4 0 0 1-2.34 2.77C182.78 195.76 132.27 196 128.32 196h-.39c-.53 0-53.64.17-84.56-11.77a4 4 0 0 1-2.37-2.77c-1.88-7.24-5-23.82-5-53.46s3.15-46.22 5-53.46a4 4 0 0 1 2.34-2.77C74.29 59.83 127.39 60 127.92 60h.15c.54 0 53.64-.17 84.56 11.77a4 4 0 0 1 2.37 2.77c1.88 7.24 5 23.82 5 53.46s-3.15 46.22-5 53.46Z\"><\/path><\/svg><\/span><\/a>\n<\/div>\n<\/div>\n\n\n\n\n\n\n\n<div class=\"gb-element-1087123d\">\n<div class=\"forminator-guttenberg\"><div class=\"forminator-ui forminator-custom-form forminator-custom-form-49100 forminator-design--default  forminator_ajax\" data-forminator-render=\"0\" data-form=\"forminator-module-49100\" data-uid=\"69f39eaf614df\"><br\/><\/div><form\n\t\t\t\tid=\"forminator-module-49100\"\n\t\t\t\tclass=\"forminator-ui forminator-custom-form forminator-custom-form-49100 forminator-design--default  forminator_ajax\"\n\t\t\t\tmethod=\"post\"\n\t\t\t\tdata-forminator-render=\"0\"\n\t\t\t\tdata-form-id=\"49100\"\n\t\t\t\t data-color-option=\"theme\" data-design=\"default\" data-grid=\"open\" style=\"display: none;\"\n\t\t\t\tdata-uid=\"69f39eaf614df\" action=\"\"\n\t\t\t><div role=\"alert\" aria-live=\"polite\" class=\"forminator-response-message forminator-error\" aria-hidden=\"true\"><\/div><div class=\"forminator-row\"><div id=\"name-1\" class=\"forminator-field-name forminator-col forminator-col-12\"><div class=\"forminator-field\"><label for=\"forminator-field-name-1_69f39eaf614df\" id=\"forminator-field-name-1_69f39eaf614df-label\" class=\"forminator-label\">Name <span class=\"forminator-required\">*<\/span><\/label><input type=\"text\" name=\"name-1\" value=\"\" placeholder=\"\" id=\"forminator-field-name-1_69f39eaf614df\" class=\"forminator-input forminator-name--field\" aria-required=\"true\" autocomplete=\"name\" \/><\/div><\/div><\/div><div class=\"forminator-row\"><div id=\"email-1\" class=\"forminator-field-email forminator-col forminator-col-12\"><div class=\"forminator-field\"><label for=\"forminator-field-email-1_69f39eaf614df\" id=\"forminator-field-email-1_69f39eaf614df-label\" class=\"forminator-label\">Email <span class=\"forminator-required\">*<\/span><\/label><input type=\"email\" name=\"email-1\" value=\"\" placeholder=\"\" id=\"forminator-field-email-1_69f39eaf614df\" class=\"forminator-input forminator-email--field\" data-required=\"true\" aria-required=\"true\" autocomplete=\"email\" \/><\/div><\/div><\/div><div class=\"forminator-row\"><div id=\"textarea-1\" class=\"forminator-field-textarea forminator-col forminator-col-12\"><div class=\"forminator-field\"><label for=\"forminator-field-textarea-1_69f39eaf614df\" id=\"forminator-field-textarea-1_69f39eaf614df-label\" class=\"forminator-label\">Message <span class=\"forminator-required\">*<\/span><\/label><span id=\"forminator-field-textarea-1_69f39eaf614df-description\" class=\"forminator-description\"><span data-limit=\"180\" data-type=\"characters\" data-editor=\"\">0 \/ 180<\/span><\/span><textarea name=\"textarea-1\" placeholder=\"\" id=\"forminator-field-textarea-1_69f39eaf614df\" class=\"forminator-textarea\" rows=\"6\" style=\"min-height:140px;\" maxlength=\"180\" ><\/textarea><\/div><\/div><\/div><input type=\"hidden\" name=\"referer_url\" value=\"\" \/><div class=\"forminator-row forminator-row-last\"><div class=\"forminator-col\"><div class=\"forminator-field\"><button class=\"forminator-button forminator-button-submit\">Send<\/button><\/div><\/div><\/div><input type=\"hidden\" id=\"forminator_nonce\" name=\"forminator_nonce\" value=\"d77adabde6\" \/><input type=\"hidden\" name=\"_wp_http_referer\" value=\"\/en\/wp-json\/wp\/v2\/pages\/486\" \/><input type=\"hidden\" name=\"form_id\" value=\"49100\"><input type=\"hidden\" name=\"page_id\" value=\"486\"><input type=\"hidden\" name=\"form_type\" value=\"default\"><input type=\"hidden\" name=\"current_url\" value=\"https:\/\/bytecosmico.com\/en\/contact\/\"><input type=\"hidden\" name=\"render_id\" value=\"0\"><input type=\"hidden\" name=\"action\" value=\"forminator_submit_form_custom-forms\"><input type=\"hidden\" name=\"trp-form-language\" value=\"en\"\/><\/form><\/div>\n<\/div>\n\n\n<\/div>\n<\/div>\n<\/div>\n\n\n\n<p><\/p>","protected":false},"excerpt":{"rendered":"<p>Como entrar em contato? Para d\u00favidas, sugest\u00f5es ou cr\u00edticas, nos envie um e-mail ou preencha o formul\u00e1rio de contato ao lado. Nossa equipe est\u00e1 sempre pronta para responder e ouvir nossos leitores. Publica\u00e7\u00e3o de Artigos Se deseja ter seu artigo publicado no Byte Cosmico, envie seu texto por e-mail com o assunto &#8220;Proposta de Artigo &#8230; <a title=\"Contact\" class=\"read-more\" href=\"https:\/\/bytecosmico.com\/en\/contact\/\" aria-label=\"Read more about Contato\">Read more<\/a><\/p>","protected":false},"author":1,"featured_media":0,"parent":0,"menu_order":0,"comment_status":"closed","ping_status":"closed","template":"","meta":{"footnotes":""},"class_list":["post-486","page","type-page","status-publish"],"_links":{"self":[{"href":"https:\/\/bytecosmico.com\/en\/wp-json\/wp\/v2\/pages\/486","targetHints":{"allow":["GET"]}}],"collection":[{"href":"https:\/\/bytecosmico.com\/en\/wp-json\/wp\/v2\/pages"}],"about":[{"href":"https:\/\/bytecosmico.com\/en\/wp-json\/wp\/v2\/types\/page"}],"author":[{"embeddable":true,"href":"https:\/\/bytecosmico.com\/en\/wp-json\/wp\/v2\/users\/1"}],"replies":[{"embeddable":true,"href":"https:\/\/bytecosmico.com\/en\/wp-json\/wp\/v2\/comments?post=486"}],"version-history":[{"count":8,"href":"https:\/\/bytecosmico.com\/en\/wp-json\/wp\/v2\/pages\/486\/revisions"}],"predecessor-version":[{"id":49307,"href":"https:\/\/bytecosmico.com\/en\/wp-json\/wp\/v2\/pages\/486\/revisions\/49307"}],"wp:attachment":[{"href":"https:\/\/bytecosmico.com\/en\/wp-json\/wp\/v2\/media?parent=486"}],"curies":[{"name":"wp","href":"https:\/\/api.w.org\/{rel}","templated":true}]}}