{"id":43520,"date":"2024-11-30T16:51:30","date_gmt":"2024-11-30T16:51:30","guid":{"rendered":"https:\/\/sites.generatepress.com\/headline\/?page_id=43520"},"modified":"2025-11-05T15:37:48","modified_gmt":"2025-11-05T15:37:48","slug":"about-us","status":"publish","type":"page","link":"https:\/\/bytecosmico.com\/en\/about-us\/","title":{"rendered":"About Us"},"content":{"rendered":"<div class=\"gb-element-8ee28c68\">\n<div class=\"gb-element-b1432104\">\n<div class=\"gb-element-8b2bd6d9\">\n<div class=\"gb-element-5a501d39\">\n\n\n<div class=\"gb-element-0a501abb\">\n<div class=\"gb-element-942632b3\">\n<p><strong>Byte Cosmico<\/strong> is a blog created for those who love exploring different universes of digital culture and entertainment. Here you\u2019ll find content about <strong>Movies and TV<\/strong>, <strong>Animes<\/strong>, <strong>Games<\/strong>, <strong>Technology<\/strong>, and <strong>Apps<\/strong> \u2014 always with an accessible language focused on sharing knowledge, curiosities, and news.<\/p>\n\n\n\n<h2 class=\"wp-block-heading\">Who we are<\/h2>\n\n\n\n<p><strong>Byte Cosmico<\/strong> is an independent project by <strong>Thiago Gomes<\/strong>, bringing together in one place the passion for technology, pop culture, and entertainment. The goal is to create a meeting point for readers who want to stay updated and have fun exploring different topics.<\/p>\n\n\n\n<div class=\"gb-element-96d50f20\">\n<span class=\"gb-shape gb-shape-72c58b34\"><svg xmlns=\"http:\/\/www.w3.org\/2000\/svg\" width=\"32\" height=\"32\" viewbox=\"0 0 256 256\"><path d=\"M100,56H40A16,16,0,0,0,24,72v64a16,16,0,0,0,16,16h60v8a32,32,0,0,1-32,32,8,8,0,0,0,0,16,48.05,48.05,0,0,0,48-48V72A16,16,0,0,0,100,56Zm0,80H40V72h60ZM216,56H156a16,16,0,0,0-16,16v64a16,16,0,0,0,16,16h60v8a32,32,0,0,1-32,32,8,8,0,0,0,0,16,48.05,48.05,0,0,0,48-48V72A16,16,0,0,0,216,56Zm0,80H156V72h60Z\"><\/path><\/svg><\/span>\n\n\n\n<p class=\"gb-text gb-text-bd226f94\">Any sufficiently advanced technology is indistinguishable from magic.<\/p>\n\n\n\n<div class=\"gb-text gb-text-3f05aba8\">\u2013 Arthur C. Clarke<\/div>\n<\/div>\n\n\n\n<h2 class=\"wp-block-heading\">Our purpose<\/h2>\n\n\n\n<p>We believe that <strong>information and entertainment go hand in hand<\/strong>. That\u2019s why our commitment is to offer content that inspires, informs, and connects people to the subjects they love \u2014 whether it\u2019s a movie review, anime news, app tips, tech trends, or the latest from the gaming world.<\/p>\n\n\n\n<h2 class=\"wp-block-heading\">Our approach<\/h2>\n\n\n\n<p><strong>Byte Cosmico<\/strong> strives to combine <strong>quality and diversity<\/strong> in every publication. With objective and engaging writing, our mission is to make the reading experience <strong>simple, enjoyable, and enriching<\/strong> for all audiences.<\/p>\n\n\n\n<h3 class=\"gb-text\">Get in touch for collaborations and partnerships!<\/h3>\n\n\n\n<a class=\"gb-text gb-text-57f8ee44\" href=\"\/en\/contact\/\">CONTACT<\/a>\n<\/div>\n<\/div>\n\n\n<\/div>\n<\/div>\n<\/div>\n<\/div>","protected":false},"excerpt":{"rendered":"<p>O Byte Cosmico \u00e9 um blog criado para quem gosta de explorar diferentes universos da cultura digital e do entretenimento. Aqui voc\u00ea encontra conte\u00fado sobre Filmes e TV, Animes, Jogos, Tecnologia e Aplicativos, sempre com uma linguagem acess\u00edvel e focada em compartilhar conhecimento, curiosidades e novidades. Quem Somos? O Byte Cosmico \u00e9 um projeto autoral &#8230; <a title=\"About Us\" class=\"read-more\" href=\"https:\/\/bytecosmico.com\/en\/about-us\/\" aria-label=\"Read more about Sobre N\u00f3s\">Read more<\/a><\/p>","protected":false},"author":1,"featured_media":0,"parent":0,"menu_order":0,"comment_status":"closed","ping_status":"closed","template":"","meta":{"footnotes":""},"class_list":["post-43520","page","type-page","status-publish"],"_links":{"self":[{"href":"https:\/\/bytecosmico.com\/en\/wp-json\/wp\/v2\/pages\/43520","targetHints":{"allow":["GET"]}}],"collection":[{"href":"https:\/\/bytecosmico.com\/en\/wp-json\/wp\/v2\/pages"}],"about":[{"href":"https:\/\/bytecosmico.com\/en\/wp-json\/wp\/v2\/types\/page"}],"author":[{"embeddable":true,"href":"https:\/\/bytecosmico.com\/en\/wp-json\/wp\/v2\/users\/1"}],"replies":[{"embeddable":true,"href":"https:\/\/bytecosmico.com\/en\/wp-json\/wp\/v2\/comments?post=43520"}],"version-history":[{"count":12,"href":"https:\/\/bytecosmico.com\/en\/wp-json\/wp\/v2\/pages\/43520\/revisions"}],"predecessor-version":[{"id":49380,"href":"https:\/\/bytecosmico.com\/en\/wp-json\/wp\/v2\/pages\/43520\/revisions\/49380"}],"wp:attachment":[{"href":"https:\/\/bytecosmico.com\/en\/wp-json\/wp\/v2\/media?parent=43520"}],"curies":[{"name":"wp","href":"https:\/\/api.w.org\/{rel}","templated":true}]}}